{"id":54269,"date":"2025-10-22T14:25:21","date_gmt":"2025-10-22T12:25:21","guid":{"rendered":"https:\/\/www.crowdfarming.com\/manifeste\/"},"modified":"2026-02-17T15:38:53","modified_gmt":"2026-02-17T14:38:53","slug":"manifeste","status":"publish","type":"page","link":"https:\/\/www.crowdfarming.com\/what-the-field\/manifeste\/","title":{"rendered":"Manifeste"},"content":{"rendered":"<p>What The Field?! (WTF?!) n\u2019est pas qu\u2019un nom. C\u2019est notre r\u00e9action \u00e0 un syst\u00e8me alimentaire qui ne donne pas la priorit\u00e9 \u00e0 ce qui compte vraiment : des prix \u00e9quitables, des \u00e9cosyst\u00e8mes r\u00e9silients, une alimentation nutritive et un avenir o\u00f9 les nouvelles g\u00e9n\u00e9rations pourront perp\u00e9tuer l\u2019agriculture.<\/p>\n","protected":false},"excerpt":{"rendered":"<p>What The Field?! (WTF?!) n\u2019est pas qu\u2019un nom. C\u2019est notre r\u00e9action \u00e0 un syst\u00e8me alimentaire qui ne donne pas la priorit\u00e9 \u00e0 ce qui compte vraiment : des prix \u00e9quitables, des \u00e9cosyst\u00e8mes r\u00e9silients, une alimentation nutritive et un avenir o\u00f9 les nouvelles g\u00e9n\u00e9rations pourront perp\u00e9tuer l\u2019agriculture.<\/p>\n","protected":false},"author":1,"featured_media":0,"parent":0,"menu_order":34,"comment_status":"closed","ping_status":"closed","template":"pages\/page-manifest.php","meta":{"_acf_changed":false,"inline_featured_image":false,"footnotes":""},"class_list":["post-54269","page","type-page","status-publish","hentry"],"acf":[],"yoast_head":"<!-- This site is optimized with the Yoast SEO plugin v27.4 - https:\/\/yoast.com\/product\/yoast-seo-wordpress\/ -->\n<title>Manifeste - WTF<\/title>\n<meta name=\"robots\" content=\"index, follow, max-snippet:-1, max-image-preview:large, max-video-preview:-1\" \/>\n<link rel=\"canonical\" href=\"https:\/\/laruchequiditoui.fr\/fr\/what-the-field\/manifeste\/\" \/>\n<meta property=\"og:locale\" content=\"fr_FR\" \/>\n<meta property=\"og:type\" content=\"article\" \/>\n<meta property=\"og:title\" content=\"Manifeste - WTF\" \/>\n<meta property=\"og:description\" content=\"What The Field?! (WTF?!) n\u2019est pas qu\u2019un nom. C\u2019est notre r\u00e9action \u00e0 un syst\u00e8me alimentaire qui ne donne pas la priorit\u00e9 \u00e0 ce qui compte vraiment : des prix \u00e9quitables, des \u00e9cosyst\u00e8mes r\u00e9silients, une alimentation nutritive et un avenir o\u00f9 les nouvelles g\u00e9n\u00e9rations pourront perp\u00e9tuer l\u2019agriculture.\" \/>\n<meta property=\"og:url\" content=\"https:\/\/www.crowdfarming.com\/fr\/what-the-field\/manifeste\/\" \/>\n<meta property=\"og:site_name\" content=\"WTF\" \/>\n<meta property=\"article:modified_time\" content=\"2026-02-17T14:38:53+00:00\" \/>\n<meta name=\"twitter:card\" content=\"summary_large_image\" \/>\n<meta name=\"twitter:label1\" content=\"Dur\u00e9e de lecture estim\u00e9e\" \/>\n\t<meta name=\"twitter:data1\" content=\"1 minute\" \/>\n<script type=\"application\/ld+json\" class=\"yoast-schema-graph\">{\"@context\":\"https:\\\/\\\/schema.org\",\"@graph\":[{\"@type\":\"WebPage\",\"@id\":\"https:\\\/\\\/www.crowdfarming.com\\\/fr\\\/what-the-field\\\/manifeste\\\/\",\"url\":\"https:\\\/\\\/www.crowdfarming.com\\\/fr\\\/what-the-field\\\/manifeste\\\/\",\"name\":\"Manifeste - WTF\",\"isPartOf\":{\"@id\":\"https:\\\/\\\/www.crowdfarming.com\\\/what-the-field\\\/#website\"},\"datePublished\":\"2025-10-22T12:25:21+00:00\",\"dateModified\":\"2026-02-17T14:38:53+00:00\",\"breadcrumb\":{\"@id\":\"https:\\\/\\\/www.crowdfarming.com\\\/fr\\\/what-the-field\\\/manifeste\\\/#breadcrumb\"},\"inLanguage\":\"fr-FR\",\"potentialAction\":[{\"@type\":\"ReadAction\",\"target\":[\"https:\\\/\\\/www.crowdfarming.com\\\/fr\\\/what-the-field\\\/manifeste\\\/\"]}]},{\"@type\":\"BreadcrumbList\",\"@id\":\"https:\\\/\\\/www.crowdfarming.com\\\/fr\\\/what-the-field\\\/manifeste\\\/#breadcrumb\",\"itemListElement\":[{\"@type\":\"ListItem\",\"position\":1,\"name\":\"Home\",\"item\":\"https:\\\/\\\/www.crowdfarming.com\\\/fr\\\/what-the-field\\\/\"},{\"@type\":\"ListItem\",\"position\":2,\"name\":\"Manifeste\"}]},{\"@type\":\"WebSite\",\"@id\":\"https:\\\/\\\/www.crowdfarming.com\\\/what-the-field\\\/#website\",\"url\":\"https:\\\/\\\/www.crowdfarming.com\\\/what-the-field\\\/\",\"name\":\"WTF\",\"description\":\"\",\"potentialAction\":[{\"@type\":\"SearchAction\",\"target\":{\"@type\":\"EntryPoint\",\"urlTemplate\":\"https:\\\/\\\/www.crowdfarming.com\\\/what-the-field\\\/?s={search_term_string}\"},\"query-input\":{\"@type\":\"PropertyValueSpecification\",\"valueRequired\":true,\"valueName\":\"search_term_string\"}}],\"inLanguage\":\"fr-FR\"}]}<\/script>\n<!-- \/ Yoast SEO plugin. -->","yoast_head_json":{"title":"Manifeste - WTF","robots":{"index":"index","follow":"follow","max-snippet":"max-snippet:-1","max-image-preview":"max-image-preview:large","max-video-preview":"max-video-preview:-1"},"canonical":"https:\/\/laruchequiditoui.fr\/fr\/what-the-field\/manifeste\/","og_locale":"fr_FR","og_type":"article","og_title":"Manifeste - WTF","og_description":"What The Field?! (WTF?!) n\u2019est pas qu\u2019un nom. C\u2019est notre r\u00e9action \u00e0 un syst\u00e8me alimentaire qui ne donne pas la priorit\u00e9 \u00e0 ce qui compte vraiment : des prix \u00e9quitables, des \u00e9cosyst\u00e8mes r\u00e9silients, une alimentation nutritive et un avenir o\u00f9 les nouvelles g\u00e9n\u00e9rations pourront perp\u00e9tuer l\u2019agriculture.","og_url":"https:\/\/www.crowdfarming.com\/fr\/what-the-field\/manifeste\/","og_site_name":"WTF","article_modified_time":"2026-02-17T14:38:53+00:00","twitter_card":"summary_large_image","twitter_misc":{"Dur\u00e9e de lecture estim\u00e9e":"1 minute"},"schema":{"@context":"https:\/\/schema.org","@graph":[{"@type":"WebPage","@id":"https:\/\/www.crowdfarming.com\/fr\/what-the-field\/manifeste\/","url":"https:\/\/www.crowdfarming.com\/fr\/what-the-field\/manifeste\/","name":"Manifeste - WTF","isPartOf":{"@id":"https:\/\/www.crowdfarming.com\/what-the-field\/#website"},"datePublished":"2025-10-22T12:25:21+00:00","dateModified":"2026-02-17T14:38:53+00:00","breadcrumb":{"@id":"https:\/\/www.crowdfarming.com\/fr\/what-the-field\/manifeste\/#breadcrumb"},"inLanguage":"fr-FR","potentialAction":[{"@type":"ReadAction","target":["https:\/\/www.crowdfarming.com\/fr\/what-the-field\/manifeste\/"]}]},{"@type":"BreadcrumbList","@id":"https:\/\/www.crowdfarming.com\/fr\/what-the-field\/manifeste\/#breadcrumb","itemListElement":[{"@type":"ListItem","position":1,"name":"Home","item":"https:\/\/www.crowdfarming.com\/fr\/what-the-field\/"},{"@type":"ListItem","position":2,"name":"Manifeste"}]},{"@type":"WebSite","@id":"https:\/\/www.crowdfarming.com\/what-the-field\/#website","url":"https:\/\/www.crowdfarming.com\/what-the-field\/","name":"WTF","description":"","potentialAction":[{"@type":"SearchAction","target":{"@type":"EntryPoint","urlTemplate":"https:\/\/www.crowdfarming.com\/what-the-field\/?s={search_term_string}"},"query-input":{"@type":"PropertyValueSpecification","valueRequired":true,"valueName":"search_term_string"}}],"inLanguage":"fr-FR"}]}},"_links":{"self":[{"href":"https:\/\/www.crowdfarming.com\/what-the-field\/fr\/wp-json\/wp\/v2\/pages\/54269","targetHints":{"allow":["GET"]}}],"collection":[{"href":"https:\/\/www.crowdfarming.com\/what-the-field\/fr\/wp-json\/wp\/v2\/pages"}],"about":[{"href":"https:\/\/www.crowdfarming.com\/what-the-field\/fr\/wp-json\/wp\/v2\/types\/page"}],"author":[{"embeddable":true,"href":"https:\/\/www.crowdfarming.com\/what-the-field\/fr\/wp-json\/wp\/v2\/users\/1"}],"replies":[{"embeddable":true,"href":"https:\/\/www.crowdfarming.com\/what-the-field\/fr\/wp-json\/wp\/v2\/comments?post=54269"}],"version-history":[{"count":5,"href":"https:\/\/www.crowdfarming.com\/what-the-field\/fr\/wp-json\/wp\/v2\/pages\/54269\/revisions"}],"predecessor-version":[{"id":56765,"href":"https:\/\/www.crowdfarming.com\/what-the-field\/fr\/wp-json\/wp\/v2\/pages\/54269\/revisions\/56765"}],"wp:attachment":[{"href":"https:\/\/www.crowdfarming.com\/what-the-field\/fr\/wp-json\/wp\/v2\/media?parent=54269"}],"curies":[{"name":"wp","href":"https:\/\/api.w.org\/{rel}","templated":true}]}}