{"id":6102,"date":"2025-10-20T12:56:41","date_gmt":"2025-10-20T10:56:41","guid":{"rendered":"https:\/\/www.crowdfarming.com\/inicio\/"},"modified":"2026-02-02T14:50:51","modified_gmt":"2026-02-02T13:50:51","slug":"inicio","status":"publish","type":"page","link":"https:\/\/www.crowdfarming.com\/what-the-field\/","title":{"rendered":"Inicio"},"content":{"rendered":"<p><span class=\"bottom\">    <span class=\"txt\">What The Field?! no es solo un nombre. <\/span><\/span> Es una reacci\u00f3n a c\u00f3mo funciona nuestro sistema alimentario actual. A trav\u00e9s del <span class=\"circular\">    <span class=\"dec\">\n        <svg viewBox=\"0 0 109 25\" fill=\"none\" xmlns=\"http:\/\/www.w3.org\/2000\/svg\" preserveAspectRatio=\"none\">\n            <path d=\"M7.15879 5.86922C8.24649 11.4577 9.32996 17.1331 10.7028 21.4637C11.2136 23.0748 12.713 23.1848 28.3313 23.1517C43.9496 23.1187 73.9905 22.8598 89.6483 22.1805C105.306 21.5011 105.67 20.4091 106.111 18.492C108.207 9.37083 107.218 4.82737 106.401 3.06868C105.986 2.17693 105.281 1.36477 93.3623 1.0999C81.4431 0.835037 58.2567 1.16206 42.3724 1.32872C26.488 1.49538 18.6082 1.49178 12.9831 1.67912C7.35805 1.86647 4.22648 2.24488 1 2.63475\"\n                  stroke=\"#C4F582\" stroke-width=\"2\" stroke-linecap=\"round\" vector-effect=\"non-scaling-stroke\"\/>\n        <\/svg><\/span>    <span class=\"txt\">periodismo,<\/span><\/span> la investigaci\u00f3n y las historias reales de la tierra, investigamos las fuerzas que dan forma a qu\u00e9 y c\u00f3mo comemos.<\/p>\n","protected":false},"excerpt":{"rendered":"<p>Es una reacci\u00f3n a c\u00f3mo funciona nuestro sistema alimentario actual. A trav\u00e9s del la investigaci\u00f3n y las historias reales de la tierra, investigamos las fuerzas que dan forma a qu\u00e9 y c\u00f3mo comemos.<\/p>\n","protected":false},"author":1,"featured_media":0,"parent":0,"menu_order":42,"comment_status":"closed","ping_status":"open","template":"","meta":{"_acf_changed":false,"inline_featured_image":false,"footnotes":""},"class_list":["post-6102","page","type-page","status-publish","hentry"],"acf":[],"yoast_head":"<!-- This site is optimized with the Yoast SEO plugin v26.6 - https:\/\/yoast.com\/wordpress\/plugins\/seo\/ -->\n<title>Inicio - WTF<\/title>\n<meta name=\"robots\" content=\"index, follow, max-snippet:-1, max-image-preview:large, max-video-preview:-1\" \/>\n<link rel=\"canonical\" href=\"https:\/\/crowdfarming.com\/es\/what-the-field\/\" \/>\n<meta property=\"og:locale\" content=\"es_ES\" \/>\n<meta property=\"og:type\" content=\"article\" \/>\n<meta property=\"og:title\" content=\"Inicio - WTF\" \/>\n<meta property=\"og:description\" content=\"Es una reacci\u00f3n a c\u00f3mo funciona nuestro sistema alimentario actual. A trav\u00e9s del la investigaci\u00f3n y las historias reales de la tierra, investigamos las fuerzas que dan forma a qu\u00e9 y c\u00f3mo comemos.\" \/>\n<meta property=\"og:url\" content=\"https:\/\/www.crowdfarming.com\/es\/what-the-field\/\" \/>\n<meta property=\"og:site_name\" content=\"WTF\" \/>\n<meta property=\"article:modified_time\" content=\"2026-02-02T13:50:51+00:00\" \/>\n<meta name=\"twitter:card\" content=\"summary_large_image\" \/>\n<meta name=\"twitter:label1\" content=\"Est. reading time\" \/>\n\t<meta name=\"twitter:data1\" content=\"1 minuto\" \/>\n<script type=\"application\/ld+json\" class=\"yoast-schema-graph\">{\"@context\":\"https:\/\/schema.org\",\"@graph\":[{\"@type\":\"WebPage\",\"@id\":\"https:\/\/www.crowdfarming.com\/es\/what-the-field\/\",\"url\":\"https:\/\/www.crowdfarming.com\/es\/what-the-field\/\",\"name\":\"Inicio - WTF\",\"isPartOf\":{\"@id\":\"https:\/\/www.crowdfarming.com\/what-the-field\/#website\"},\"datePublished\":\"2025-10-20T10:56:41+00:00\",\"dateModified\":\"2026-02-02T13:50:51+00:00\",\"breadcrumb\":{\"@id\":\"https:\/\/www.crowdfarming.com\/es\/what-the-field\/#breadcrumb\"},\"inLanguage\":\"es\",\"potentialAction\":[{\"@type\":\"ReadAction\",\"target\":[\"https:\/\/www.crowdfarming.com\/es\/what-the-field\/\"]}]},{\"@type\":\"BreadcrumbList\",\"@id\":\"https:\/\/www.crowdfarming.com\/es\/what-the-field\/#breadcrumb\",\"itemListElement\":[{\"@type\":\"ListItem\",\"position\":1,\"name\":\"Home\",\"item\":\"https:\/\/www.crowdfarming.com\/es\/what-the-field\/\"},{\"@type\":\"ListItem\",\"position\":2,\"name\":\"Inicio\"}]},{\"@type\":\"WebSite\",\"@id\":\"https:\/\/www.crowdfarming.com\/what-the-field\/#website\",\"url\":\"https:\/\/www.crowdfarming.com\/what-the-field\/\",\"name\":\"WTF\",\"description\":\"\",\"potentialAction\":[{\"@type\":\"SearchAction\",\"target\":{\"@type\":\"EntryPoint\",\"urlTemplate\":\"https:\/\/www.crowdfarming.com\/what-the-field\/?s={search_term_string}\"},\"query-input\":{\"@type\":\"PropertyValueSpecification\",\"valueRequired\":true,\"valueName\":\"search_term_string\"}}],\"inLanguage\":\"es\"}]}<\/script>\n<!-- \/ Yoast SEO plugin. -->","yoast_head_json":{"title":"Inicio - WTF","robots":{"index":"index","follow":"follow","max-snippet":"max-snippet:-1","max-image-preview":"max-image-preview:large","max-video-preview":"max-video-preview:-1"},"canonical":"https:\/\/crowdfarming.com\/es\/what-the-field\/","og_locale":"es_ES","og_type":"article","og_title":"Inicio - WTF","og_description":"Es una reacci\u00f3n a c\u00f3mo funciona nuestro sistema alimentario actual. A trav\u00e9s del la investigaci\u00f3n y las historias reales de la tierra, investigamos las fuerzas que dan forma a qu\u00e9 y c\u00f3mo comemos.","og_url":"https:\/\/www.crowdfarming.com\/es\/what-the-field\/","og_site_name":"WTF","article_modified_time":"2026-02-02T13:50:51+00:00","twitter_card":"summary_large_image","twitter_misc":{"Est. reading time":"1 minuto"},"schema":{"@context":"https:\/\/schema.org","@graph":[{"@type":"WebPage","@id":"https:\/\/www.crowdfarming.com\/es\/what-the-field\/","url":"https:\/\/www.crowdfarming.com\/es\/what-the-field\/","name":"Inicio - WTF","isPartOf":{"@id":"https:\/\/www.crowdfarming.com\/what-the-field\/#website"},"datePublished":"2025-10-20T10:56:41+00:00","dateModified":"2026-02-02T13:50:51+00:00","breadcrumb":{"@id":"https:\/\/www.crowdfarming.com\/es\/what-the-field\/#breadcrumb"},"inLanguage":"es","potentialAction":[{"@type":"ReadAction","target":["https:\/\/www.crowdfarming.com\/es\/what-the-field\/"]}]},{"@type":"BreadcrumbList","@id":"https:\/\/www.crowdfarming.com\/es\/what-the-field\/#breadcrumb","itemListElement":[{"@type":"ListItem","position":1,"name":"Home","item":"https:\/\/www.crowdfarming.com\/es\/what-the-field\/"},{"@type":"ListItem","position":2,"name":"Inicio"}]},{"@type":"WebSite","@id":"https:\/\/www.crowdfarming.com\/what-the-field\/#website","url":"https:\/\/www.crowdfarming.com\/what-the-field\/","name":"WTF","description":"","potentialAction":[{"@type":"SearchAction","target":{"@type":"EntryPoint","urlTemplate":"https:\/\/www.crowdfarming.com\/what-the-field\/?s={search_term_string}"},"query-input":{"@type":"PropertyValueSpecification","valueRequired":true,"valueName":"search_term_string"}}],"inLanguage":"es"}]}},"_links":{"self":[{"href":"https:\/\/www.crowdfarming.com\/what-the-field\/es\/wp-json\/wp\/v2\/pages\/6102","targetHints":{"allow":["GET"]}}],"collection":[{"href":"https:\/\/www.crowdfarming.com\/what-the-field\/es\/wp-json\/wp\/v2\/pages"}],"about":[{"href":"https:\/\/www.crowdfarming.com\/what-the-field\/es\/wp-json\/wp\/v2\/types\/page"}],"author":[{"embeddable":true,"href":"https:\/\/www.crowdfarming.com\/what-the-field\/es\/wp-json\/wp\/v2\/users\/1"}],"replies":[{"embeddable":true,"href":"https:\/\/www.crowdfarming.com\/what-the-field\/es\/wp-json\/wp\/v2\/comments?post=6102"}],"version-history":[{"count":8,"href":"https:\/\/www.crowdfarming.com\/what-the-field\/es\/wp-json\/wp\/v2\/pages\/6102\/revisions"}],"predecessor-version":[{"id":56122,"href":"https:\/\/www.crowdfarming.com\/what-the-field\/es\/wp-json\/wp\/v2\/pages\/6102\/revisions\/56122"}],"wp:attachment":[{"href":"https:\/\/www.crowdfarming.com\/what-the-field\/es\/wp-json\/wp\/v2\/media?parent=6102"}],"curies":[{"name":"wp","href":"https:\/\/api.w.org\/{rel}","templated":true}]}}